{"id":3886,"date":"2026-04-27T20:11:54","date_gmt":"2026-04-27T17:11:54","guid":{"rendered":"https:\/\/okaziyon.com\/index.php\/%d9%81%d8%b1%d9%88%d8%b4%da%af%d8%a7%d9%87\/"},"modified":"2026-04-30T11:12:33","modified_gmt":"2026-04-30T08:12:33","slug":"%d9%81%d8%b1%d9%88%d8%b4%da%af%d8%a7%d9%87","status":"publish","type":"page","link":"https:\/\/okaziyon.com\/fa\/%d9%81%d8%b1%d9%88%d8%b4%da%af%d8%a7%d9%87\/","title":{"rendered":"\u0641\u0631\u0648\u0634\u06af\u0627\u0647"},"content":{"rendered":"","protected":false},"excerpt":{"rendered":"","protected":false},"author":1,"featured_media":0,"parent":0,"menu_order":0,"comment_status":"closed","ping_status":"closed","template":"","meta":{"footnotes":""},"class_list":["post-3886","page","type-page","status-publish","hentry"],"yoast_head":"<!-- This site is optimized with the Yoast SEO plugin v27.6 - https:\/\/yoast.com\/product\/yoast-seo-wordpress\/ -->\n<title>\u0641\u0631\u0648\u0634\u06af\u0627\u0647 - Okaziyon Real Estate<\/title>\n<meta name=\"robots\" content=\"index, follow, max-snippet:-1, max-image-preview:large, max-video-preview:-1\" \/>\n<link rel=\"canonical\" href=\"https:\/\/okaziyon.com\/fa\/%d9%81%d8%b1%d9%88%d8%b4%da%af%d8%a7%d9%87\/\" \/>\n<meta property=\"og:locale\" content=\"fa_IR\" \/>\n<meta property=\"og:type\" content=\"article\" \/>\n<meta property=\"og:title\" content=\"\u0641\u0631\u0648\u0634\u06af\u0627\u0647 - Okaziyon Real Estate\" \/>\n<meta property=\"og:url\" content=\"https:\/\/okaziyon.com\/fa\/%d9%81%d8%b1%d9%88%d8%b4%da%af%d8%a7%d9%87\/\" \/>\n<meta property=\"og:site_name\" content=\"Okaziyon Real Estate\" \/>\n<meta property=\"article:modified_time\" content=\"2026-04-30T08:12:33+00:00\" \/>\n<meta name=\"twitter:card\" content=\"summary_large_image\" \/>\n<script type=\"application\/ld+json\" class=\"yoast-schema-graph\">{\"@context\":\"https:\\\/\\\/schema.org\",\"@graph\":[{\"@type\":\"WebPage\",\"@id\":\"https:\\\/\\\/okaziyon.com\\\/fa\\\/%d9%81%d8%b1%d9%88%d8%b4%da%af%d8%a7%d9%87\\\/\",\"url\":\"https:\\\/\\\/okaziyon.com\\\/fa\\\/%d9%81%d8%b1%d9%88%d8%b4%da%af%d8%a7%d9%87\\\/\",\"name\":\"\u0641\u0631\u0648\u0634\u06af\u0627\u0647 - Okaziyon Real Estate\",\"isPartOf\":{\"@id\":\"https:\\\/\\\/okaziyon.com\\\/fa\\\/#website\"},\"datePublished\":\"2026-04-27T17:11:54+00:00\",\"dateModified\":\"2026-04-30T08:12:33+00:00\",\"breadcrumb\":{\"@id\":\"https:\\\/\\\/okaziyon.com\\\/fa\\\/%d9%81%d8%b1%d9%88%d8%b4%da%af%d8%a7%d9%87\\\/#breadcrumb\"},\"inLanguage\":\"fa-IR\",\"potentialAction\":[{\"@type\":\"ReadAction\",\"target\":[\"https:\\\/\\\/okaziyon.com\\\/fa\\\/%d9%81%d8%b1%d9%88%d8%b4%da%af%d8%a7%d9%87\\\/\"]}]},{\"@type\":\"BreadcrumbList\",\"@id\":\"https:\\\/\\\/okaziyon.com\\\/fa\\\/%d9%81%d8%b1%d9%88%d8%b4%da%af%d8%a7%d9%87\\\/#breadcrumb\",\"itemListElement\":[{\"@type\":\"ListItem\",\"position\":1,\"name\":\"Home\",\"item\":\"https:\\\/\\\/okaziyon.com\\\/fa\\\/%d8%ae%d8%a7%d9%86%d9%87\\\/\"},{\"@type\":\"ListItem\",\"position\":2,\"name\":\"\u0641\u0631\u0648\u0634\u06af\u0627\u0647\"}]},{\"@type\":\"WebSite\",\"@id\":\"https:\\\/\\\/okaziyon.com\\\/fa\\\/#website\",\"url\":\"https:\\\/\\\/okaziyon.com\\\/fa\\\/\",\"name\":\"Okaziyon Real Estate\",\"description\":\"T\u00fcrkiye, Dubai ve K\u0131br\u0131s\u2019ta G\u00fcvenli Yat\u0131r\u0131m\",\"publisher\":{\"@id\":\"https:\\\/\\\/okaziyon.com\\\/fa\\\/#organization\"},\"alternateName\":\"Okaziyon\",\"potentialAction\":[{\"@type\":\"SearchAction\",\"target\":{\"@type\":\"EntryPoint\",\"urlTemplate\":\"https:\\\/\\\/okaziyon.com\\\/fa\\\/?s={search_term_string}\"},\"query-input\":{\"@type\":\"PropertyValueSpecification\",\"valueRequired\":true,\"valueName\":\"search_term_string\"}}],\"inLanguage\":\"fa-IR\"},{\"@type\":\"Organization\",\"@id\":\"https:\\\/\\\/okaziyon.com\\\/fa\\\/#organization\",\"name\":\"Okaziyon Real Estate\",\"alternateName\":\"Okaziyon\",\"url\":\"https:\\\/\\\/okaziyon.com\\\/fa\\\/\",\"logo\":{\"@type\":\"ImageObject\",\"inLanguage\":\"fa-IR\",\"@id\":\"https:\\\/\\\/okaziyon.com\\\/fa\\\/#\\\/schema\\\/logo\\\/image\\\/\",\"url\":\"https:\\\/\\\/okaziyon.com\\\/wp-content\\\/uploads\\\/2026\\\/05\\\/favicon.webp\",\"contentUrl\":\"https:\\\/\\\/okaziyon.com\\\/wp-content\\\/uploads\\\/2026\\\/05\\\/favicon.webp\",\"width\":150,\"height\":150,\"caption\":\"Okaziyon Real Estate\"},\"image\":{\"@id\":\"https:\\\/\\\/okaziyon.com\\\/fa\\\/#\\\/schema\\\/logo\\\/image\\\/\"}}]}<\/script>\n<!-- \/ Yoast SEO plugin. -->","yoast_head_json":{"title":"\u0641\u0631\u0648\u0634\u06af\u0627\u0647 - Okaziyon Real Estate","robots":{"index":"index","follow":"follow","max-snippet":"max-snippet:-1","max-image-preview":"max-image-preview:large","max-video-preview":"max-video-preview:-1"},"canonical":"https:\/\/okaziyon.com\/fa\/%d9%81%d8%b1%d9%88%d8%b4%da%af%d8%a7%d9%87\/","og_locale":"fa_IR","og_type":"article","og_title":"\u0641\u0631\u0648\u0634\u06af\u0627\u0647 - Okaziyon Real Estate","og_url":"https:\/\/okaziyon.com\/fa\/%d9%81%d8%b1%d9%88%d8%b4%da%af%d8%a7%d9%87\/","og_site_name":"Okaziyon Real Estate","article_modified_time":"2026-04-30T08:12:33+00:00","twitter_card":"summary_large_image","schema":{"@context":"https:\/\/schema.org","@graph":[{"@type":"WebPage","@id":"https:\/\/okaziyon.com\/fa\/%d9%81%d8%b1%d9%88%d8%b4%da%af%d8%a7%d9%87\/","url":"https:\/\/okaziyon.com\/fa\/%d9%81%d8%b1%d9%88%d8%b4%da%af%d8%a7%d9%87\/","name":"\u0641\u0631\u0648\u0634\u06af\u0627\u0647 - Okaziyon Real Estate","isPartOf":{"@id":"https:\/\/okaziyon.com\/fa\/#website"},"datePublished":"2026-04-27T17:11:54+00:00","dateModified":"2026-04-30T08:12:33+00:00","breadcrumb":{"@id":"https:\/\/okaziyon.com\/fa\/%d9%81%d8%b1%d9%88%d8%b4%da%af%d8%a7%d9%87\/#breadcrumb"},"inLanguage":"fa-IR","potentialAction":[{"@type":"ReadAction","target":["https:\/\/okaziyon.com\/fa\/%d9%81%d8%b1%d9%88%d8%b4%da%af%d8%a7%d9%87\/"]}]},{"@type":"BreadcrumbList","@id":"https:\/\/okaziyon.com\/fa\/%d9%81%d8%b1%d9%88%d8%b4%da%af%d8%a7%d9%87\/#breadcrumb","itemListElement":[{"@type":"ListItem","position":1,"name":"Home","item":"https:\/\/okaziyon.com\/fa\/%d8%ae%d8%a7%d9%86%d9%87\/"},{"@type":"ListItem","position":2,"name":"\u0641\u0631\u0648\u0634\u06af\u0627\u0647"}]},{"@type":"WebSite","@id":"https:\/\/okaziyon.com\/fa\/#website","url":"https:\/\/okaziyon.com\/fa\/","name":"Okaziyon Real Estate","description":"T\u00fcrkiye, Dubai ve K\u0131br\u0131s\u2019ta G\u00fcvenli Yat\u0131r\u0131m","publisher":{"@id":"https:\/\/okaziyon.com\/fa\/#organization"},"alternateName":"Okaziyon","potentialAction":[{"@type":"SearchAction","target":{"@type":"EntryPoint","urlTemplate":"https:\/\/okaziyon.com\/fa\/?s={search_term_string}"},"query-input":{"@type":"PropertyValueSpecification","valueRequired":true,"valueName":"search_term_string"}}],"inLanguage":"fa-IR"},{"@type":"Organization","@id":"https:\/\/okaziyon.com\/fa\/#organization","name":"Okaziyon Real Estate","alternateName":"Okaziyon","url":"https:\/\/okaziyon.com\/fa\/","logo":{"@type":"ImageObject","inLanguage":"fa-IR","@id":"https:\/\/okaziyon.com\/fa\/#\/schema\/logo\/image\/","url":"https:\/\/okaziyon.com\/wp-content\/uploads\/2026\/05\/favicon.webp","contentUrl":"https:\/\/okaziyon.com\/wp-content\/uploads\/2026\/05\/favicon.webp","width":150,"height":150,"caption":"Okaziyon Real Estate"},"image":{"@id":"https:\/\/okaziyon.com\/fa\/#\/schema\/logo\/image\/"}}]}},"_links":{"self":[{"href":"https:\/\/okaziyon.com\/fa\/wp-json\/wp\/v2\/pages\/3886","targetHints":{"allow":["GET"]}}],"collection":[{"href":"https:\/\/okaziyon.com\/fa\/wp-json\/wp\/v2\/pages"}],"about":[{"href":"https:\/\/okaziyon.com\/fa\/wp-json\/wp\/v2\/types\/page"}],"author":[{"embeddable":true,"href":"https:\/\/okaziyon.com\/fa\/wp-json\/wp\/v2\/users\/1"}],"replies":[{"embeddable":true,"href":"https:\/\/okaziyon.com\/fa\/wp-json\/wp\/v2\/comments?post=3886"}],"version-history":[{"count":0,"href":"https:\/\/okaziyon.com\/fa\/wp-json\/wp\/v2\/pages\/3886\/revisions"}],"wp:attachment":[{"href":"https:\/\/okaziyon.com\/fa\/wp-json\/wp\/v2\/media?parent=3886"}],"curies":[{"name":"wp","href":"https:\/\/api.w.org\/{rel}","templated":true}]}}